{"id":311,"date":"2021-05-08T08:54:22","date_gmt":"2021-05-08T06:54:22","guid":{"rendered":"https:\/\/tennis-flieden.de\/blog\/?page_id=311"},"modified":"2022-04-29T11:56:18","modified_gmt":"2022-04-29T09:56:18","slug":"mitgliedschaft","status":"publish","type":"page","link":"https:\/\/tennis-flieden.de\/blog\/?page_id=311","title":{"rendered":"Mitgliedschaft"},"content":{"rendered":"\n<h3 class=\"wp-block-heading\"><strong>Die Mitgliedsbeitr\u00e4ge:<\/strong><\/h3>\n\n\n\n<p><strong>&nbsp; Du m\u00f6chtest Mitglied im Tenniclub des SV Flieden werden?<\/strong><\/p>\n\n\n\n<p>Die Beitr\u00e4ge k\u00f6nnen aus folgender Tabelle entnommen werden.<\/p>\n\n\n\n<figure class=\"wp-block-table\"><table><tbody><tr><th>Personengruppe<\/th><th>Beitrag &nbsp; &nbsp;<\/th><\/tr><tr><td>Erwachsene<\/td><td>128,- \u20ac &nbsp; &nbsp;<\/td><\/tr><tr><td>Auszubildende<\/td><td>61,- \u20ac &nbsp; &nbsp;<\/td><\/tr><tr><td>Sch\u00fcler &amp; Jugendliche (bis einschlie\u00dflich 18 Jahre) &amp; Studenten<\/td><td>46,- \u20ac &nbsp; &nbsp;<\/td><\/tr><tr><td>Kinder unter 6 Jahren bei mind. einem vollzahlenden Erwachsenen<\/td><td>kostenlos &nbsp; &nbsp;<\/td><\/tr><tr><td>Familien (2 Erwachsene und beliebig viele Kinder bis 18 Jahre)<\/td><td>302,- \u20ac &nbsp; &nbsp;<\/td><\/tr><tr><td>alleinerziehende Familien (1 Erwachsener und beliebig viele Kinder)<\/td><td>174,- \u20ac &nbsp; &nbsp;<\/td><\/tr><tr><td>passive Mitglieder<\/td><td>50,- \u20ac &nbsp; &nbsp;<\/td><\/tr><\/tbody><\/table><\/figure>\n\n\n\n<p>Die Jahresbeitr\u00e4ge werden per Bankeinzug jeweils im ersten Quartal eines Jahres bzw. bei Aufnahme im laufenden Jahr zum Eintrittsdatum eingezogen. K\u00fcndigungen werden zum 31.12. des laufenden Jahres wirksam und m\u00fcssen dem Vorstand bis zum 15. Dezember schriftlich vorliegen.<\/p>\n\n\n\n<p>Neben den Beitr\u00e4gen sind pro Jahr von jedem Mitglied<strong> Arbeitsstunden<\/strong> zu leisten. Die Anzahl kannst Du auf dem Aufnahmeantrag (unten) ersehen.<\/p>\n\n\n\n<p>Arbeitseins\u00e4tze sind beispielsweise Fr\u00fchjahrsreinigung und Herbstreinigung, Sonderarbeiten auf der Anlage oder im Clubhaus, Jugendbetreuung, den Clubmeisterschaften und anderen Veranstaltungen sowie sonstige vom Vorstand genehmigte Arbeiten.<\/p>\n\n\n\n<h3 class=\"wp-block-heading\"><strong>Anmeldung:<\/strong><\/h3>\n\n\n\n<p>Die Beitrittserkl\u00e4rung kannst du dir hier als pdf-Dokument herunterladen und uns ausgef\u00fcllt zukommen lassen.<\/p>\n\n\n\n<p><a href=\"https:\/\/tennis-flieden.de\/blog\/?page_id=471\">zum Aufnahmeantrag<\/a><\/p>\n\n\n\n<p>Gegen eine Kaution von 40,- \u20ac bekommst du bei Sportwartin Sara Diegm\u00fcller einen eigenen Schl\u00fcssel zur Anlage. Damit k\u00f6nnen alle T\u00fcren zu den Tennispl\u00e4tzen sowie die Hauptt\u00fcre des Clubhauses aufgeschlossen werden. Diese erm\u00f6glicht den Zugang zu den Toiletten, Umkleider\u00e4umen und Duschen.<\/p>\n\n\n\n<h3 class=\"wp-block-heading\"><strong>Gastspieler:<\/strong><\/h3>\n\n\n\n<p>Gastspieler, die den Verein kennenlernen m\u00f6chten oder sich mit einem befreundeten Spieler treffen, sind selbstverst\u00e4ndlich herzlich auf unserer Anlage willkommen.<\/p>\n\n\n\n<p>Ein Schl\u00fcssel f\u00fcr die Pl\u00e4tze kann ggfs. bei einem Vorstandsmitglied ausgeliehen werden.<\/p>\n\n\n\n<p><\/p>\n\n\n\n<p>Um einen Platz zu buchen, kontaktiere uns einfach!<br>Entweder per <a href=\"mailto:info@tennis-flieden.de\">E-Mail<\/a> oder (insb. bei kurzfristigen Anfragen) Sara Diegm\u00fcller unter der Nummer <a href=\"tel:+4915156156044\">0151\/56156044<\/a>.<\/p>\n\n\n<a href=\"https:\/\/tennis-flieden.de\/blog\/wp-content\/uploads\/2021\/05\/Aufnahmeantrag.pdf\" class=\"pdfemb-viewer\" style=\"\" data-width=\"max\" data-height=\"max\" data-toolbar=\"top\" data-toolbar-fixed=\"off\">Aufnahmeantrag<\/a>\n","protected":false},"excerpt":{"rendered":"<p>Die Mitgliedsbeitr\u00e4ge: &nbsp; Du m\u00f6chtest Mitglied im Tenniclub des SV Flieden werden? Die Beitr\u00e4ge k\u00f6nnen aus folgender Tabelle entnommen werden. Personengruppe Beitrag &nbsp; &nbsp; Erwachsene 128,- \u20ac &nbsp; &nbsp; Auszubildende 61,- \u20ac &nbsp; &nbsp; Sch\u00fcler &amp; Jugendliche (bis einschlie\u00dflich 18 Jahre) &amp; Studenten 46,- \u20ac &nbsp; &nbsp; Kinder unter 6 Jahren bei mind. einem vollzahlenden [&hellip;]<\/p>\n","protected":false},"author":1,"featured_media":0,"parent":0,"menu_order":0,"comment_status":"closed","ping_status":"closed","template":"","meta":{"footnotes":""},"class_list":["post-311","page","type-page","status-publish","hentry"],"featured_image_urls_v2":{"full":"","thumbnail":"","medium":"","medium_large":"","large":"","1536x1536":"","2048x2048":"","sportspress-crop-medium":"","sportspress-fit-medium":"","sportspress-fit-icon":"","sportspress-fit-mini":""},"post_excerpt_stackable_v2":"<p>Die Mitgliedsbeitr\u00e4ge: &nbsp; Du m\u00f6chtest Mitglied im Tenniclub des SV Flieden werden? Die Beitr\u00e4ge k\u00f6nnen aus folgender Tabelle entnommen werden. PersonengruppeBeitrag &nbsp; &nbsp;Erwachsene128,- \u20ac &nbsp; &nbsp;Auszubildende61,- \u20ac &nbsp; &nbsp;Sch\u00fcler &amp; Jugendliche (bis einschlie\u00dflich 18 Jahre) &amp; Studenten46,- \u20ac &nbsp; &nbsp;Kinder unter 6 Jahren bei mind. einem vollzahlenden Erwachsenenkostenlos &nbsp; &nbsp;Familien (2 Erwachsene und beliebig viele Kinder bis 18 Jahre)302,- \u20ac &nbsp; &nbsp;alleinerziehende Familien (1 Erwachsener und beliebig viele Kinder)174,- \u20ac &nbsp; &nbsp;passive Mitglieder50,- \u20ac &nbsp; &nbsp; Die Jahresbeitr\u00e4ge werden per Bankeinzug jeweils im ersten Quartal eines Jahres bzw. bei Aufnahme im laufenden Jahr zum Eintrittsdatum eingezogen. K\u00fcndigungen werden zum 31.12.&hellip;<\/p>\n","category_list_v2":"","author_info_v2":{"name":"admin","url":"https:\/\/tennis-flieden.de\/blog\/?author=1"},"comments_num_v2":"0 comments","_links":{"self":[{"href":"https:\/\/tennis-flieden.de\/blog\/index.php?rest_route=\/wp\/v2\/pages\/311","targetHints":{"allow":["GET"]}}],"collection":[{"href":"https:\/\/tennis-flieden.de\/blog\/index.php?rest_route=\/wp\/v2\/pages"}],"about":[{"href":"https:\/\/tennis-flieden.de\/blog\/index.php?rest_route=\/wp\/v2\/types\/page"}],"author":[{"embeddable":true,"href":"https:\/\/tennis-flieden.de\/blog\/index.php?rest_route=\/wp\/v2\/users\/1"}],"replies":[{"embeddable":true,"href":"https:\/\/tennis-flieden.de\/blog\/index.php?rest_route=%2Fwp%2Fv2%2Fcomments&post=311"}],"version-history":[{"count":2,"href":"https:\/\/tennis-flieden.de\/blog\/index.php?rest_route=\/wp\/v2\/pages\/311\/revisions"}],"predecessor-version":[{"id":671,"href":"https:\/\/tennis-flieden.de\/blog\/index.php?rest_route=\/wp\/v2\/pages\/311\/revisions\/671"}],"wp:attachment":[{"href":"https:\/\/tennis-flieden.de\/blog\/index.php?rest_route=%2Fwp%2Fv2%2Fmedia&parent=311"}],"curies":[{"name":"wp","href":"https:\/\/api.w.org\/{rel}","templated":true}]}}