{"id":225,"date":"2021-05-05T17:46:04","date_gmt":"2021-05-05T15:46:04","guid":{"rendered":"https:\/\/tennis-flieden.de\/blog\/?page_id=225"},"modified":"2026-03-24T18:22:54","modified_gmt":"2026-03-24T17:22:54","slug":"buchungen","status":"publish","type":"page","link":"https:\/\/tennis-flieden.de\/blog\/?page_id=225","title":{"rendered":"Buchungen"},"content":{"rendered":"\n<div class=\"wp-block-group\"><div class=\"wp-block-group__inner-container is-layout-flow wp-block-group-is-layout-flow\"><\/div><\/div>\n\n\n\n<div class=\"wp-block-ugb-feature ugb-feature ugb-73a5f15 ugb-feature--v2 ugb-feature--design-plain ugb-main-block\"><style>@media screen and (min-width:768px){.ugb-73a5f15 .ugb-img{width:361px;height:auto !important}}<\/style><div class=\"ugb-inner-block\"><div class=\"ugb-block-content\"><div class=\"ugb-feature__item\"><div class=\"ugb-feature__content\"><h2 class=\"ugb-feature__title\">Plan Pl\u00e4tze und Clubhaus<\/h2><p class=\"ugb-feature__description\"><sub>Nummern f\u00fcr die Pl\u00e4tze, C f\u00fcr Clubhaus<\/sub><\/p><\/div><div class=\"ugb-feature__image-side\"><img decoding=\"async\" class=\"ugb-feature__image ugb-img wp-image-439 ugb-image--shape-stretch\" src=\"https:\/\/tennis-flieden.de\/blog\/wp-content\/uploads\/2021\/05\/tennisplaetze_numerriertc.png\" alt=\"\" title=\"\" height=\"181\" srcset=\"https:\/\/tennis-flieden.de\/blog\/wp-content\/uploads\/2021\/05\/tennisplaetze_numerriertc.png 361w, https:\/\/tennis-flieden.de\/blog\/wp-content\/uploads\/2021\/05\/tennisplaetze_numerriertc-300x150.png 300w, https:\/\/tennis-flieden.de\/blog\/wp-content\/uploads\/2021\/05\/tennisplaetze_numerriertc-128x64.png 128w, https:\/\/tennis-flieden.de\/blog\/wp-content\/uploads\/2021\/05\/tennisplaetze_numerriertc-32x16.png 32w\" sizes=\"(max-width: 361px) 100vw, 361px\" \/><\/div><\/div><\/div><\/div><\/div>\n\n\n\n<div class=\"wp-block-stackable-heading stk-block-heading stk-block-heading--v2 stk-block stk-f4bb943\" id=\"span-style-color-cf-2-e-2-e-class-stk-highlight-strong-wir-fuhren-zum-mai-ein-neues-platzbuchungssystem-ein-strong-span\" data-block-id=\"f4bb943\"><h2 class=\"stk-block-heading__text\"><span style=\"color: #cf2e2e;\" class=\"stk-highlight\"><strong>Wir f\u00fchren zum Mai ein neues Platzbuchungssystem ein!<\/strong><\/span> <\/h2><\/div>\n\n\n\n<p>Das neue Platzbuchungssystem wird \u00fcber Internet erreichbar sein, au\u00dferdem gibt es f\u00fcr Android und Apple eine App.<\/p>\n\n\n\n<p>Jeder muss sich als Benutzer registrieren, das ist sowohl \u00fcber Internet als auch in der App m\u00f6glich.<\/p>\n\n\n\n<p>Nach der Registrierung wird von einem Administrator der Zugang gepr\u00fcft und freigegeben. Der Antragsteller erh\u00e4lt eine EMail, dass sein Zugang freigeschaltet wurde.<\/p>\n\n\n\n<p>Bei Problemen wende dich bitte an: <a href=\"mailto:info@tennis-flieden.de\">info@tennis-flieden.de<\/a><\/p>\n\n\n\n<p>Der Zugang \u00fcber das Internet lautet: <a href=\"https:\/\/tennis-flieden.app.platzbuchung.de\/login\">https:\/\/tennis-flieden.app.platzbuchung.de\/login<\/a><\/p>\n\n\n\n<p>Die neuen Datenschutzbestimmungen zu dem Platzbuchungssystem findet ihr unter: <\/p>\n\n\n\n<p><a href=\"https:\/\/tennis-flieden.app.platzbuchung.de\/legal\/privacy\">https:\/\/tennis-flieden.app.platzbuchung.de\/legal\/privacy<\/a><\/p>\n","protected":false},"excerpt":{"rendered":"<p>Plan Pl\u00e4tze und Clubhaus Nummern f\u00fcr die Pl\u00e4tze, C f\u00fcr Clubhaus Wir f\u00fchren zum Mai ein neues Platzbuchungssystem ein! Das neue Platzbuchungssystem wird \u00fcber Internet erreichbar sein, au\u00dferdem gibt es f\u00fcr Android und Apple eine App. Jeder muss sich als Benutzer registrieren, das ist sowohl \u00fcber Internet als auch in der App m\u00f6glich. Nach der [&hellip;]<\/p>\n","protected":false},"author":1,"featured_media":0,"parent":0,"menu_order":0,"comment_status":"closed","ping_status":"closed","template":"","meta":{"footnotes":""},"class_list":["post-225","page","type-page","status-publish","hentry"],"featured_image_urls_v2":{"full":"","thumbnail":"","medium":"","medium_large":"","large":"","1536x1536":"","2048x2048":"","sportspress-crop-medium":"","sportspress-fit-medium":"","sportspress-fit-icon":"","sportspress-fit-mini":""},"post_excerpt_stackable_v2":"<p>Plan Pl\u00e4tze und ClubhausNummern f\u00fcr die Pl\u00e4tze, C f\u00fcr Clubhaus Wir f\u00fchren zum Mai ein neues Platzbuchungssystem ein! Das neue Platzbuchungssystem wird \u00fcber Internet erreichbar sein, au\u00dferdem gibt es f\u00fcr Android und Apple eine App. Jeder muss sich als Benutzer registrieren, das ist sowohl \u00fcber Internet als auch in der App m\u00f6glich. Nach der Registrierung wird von einem Administrator der Zugang gepr\u00fcft und freigegeben. Der Antragsteller erh\u00e4lt eine EMail, dass sein Zugang freigeschaltet wurde. Bei Problemen wende dich bitte an: info@tennis-flieden.de Der Zugang \u00fcber das Internet lautet: https:\/\/tennis-flieden.app.platzbuchung.de\/login Die neuen Datenschutzbestimmungen zu dem Platzbuchungssystem findet ihr unter: https:\/\/tennis-flieden.app.platzbuchung.de\/legal\/privacy<\/p>\n","category_list_v2":"","author_info_v2":{"name":"admin","url":"https:\/\/tennis-flieden.de\/blog\/?author=1"},"comments_num_v2":"0 comments","_links":{"self":[{"href":"https:\/\/tennis-flieden.de\/blog\/index.php?rest_route=\/wp\/v2\/pages\/225","targetHints":{"allow":["GET"]}}],"collection":[{"href":"https:\/\/tennis-flieden.de\/blog\/index.php?rest_route=\/wp\/v2\/pages"}],"about":[{"href":"https:\/\/tennis-flieden.de\/blog\/index.php?rest_route=\/wp\/v2\/types\/page"}],"author":[{"embeddable":true,"href":"https:\/\/tennis-flieden.de\/blog\/index.php?rest_route=\/wp\/v2\/users\/1"}],"replies":[{"embeddable":true,"href":"https:\/\/tennis-flieden.de\/blog\/index.php?rest_route=%2Fwp%2Fv2%2Fcomments&post=225"}],"version-history":[{"count":2,"href":"https:\/\/tennis-flieden.de\/blog\/index.php?rest_route=\/wp\/v2\/pages\/225\/revisions"}],"predecessor-version":[{"id":949,"href":"https:\/\/tennis-flieden.de\/blog\/index.php?rest_route=\/wp\/v2\/pages\/225\/revisions\/949"}],"wp:attachment":[{"href":"https:\/\/tennis-flieden.de\/blog\/index.php?rest_route=%2Fwp%2Fv2%2Fmedia&parent=225"}],"curies":[{"name":"wp","href":"https:\/\/api.w.org\/{rel}","templated":true}]}}